{"id":811,"date":"2020-05-18T10:49:56","date_gmt":"2020-05-18T08:49:56","guid":{"rendered":"http:\/\/coriandreetcitronnelle.fr\/index.php\/produit\/import-placeholder-for-68\/"},"modified":"2022-03-09T15:17:42","modified_gmt":"2022-03-09T14:17:42","slug":"crevettes-sauce-piquante","status":"publish","type":"product","link":"https:\/\/coriandreetcitronnelle.fr\/index.php\/produit\/crevettes-sauce-piquante\/","title":{"rendered":"Crevettes sauce piquante"},"content":{"rendered":"<p>Les crevettes sauce piquante avec de jolies couleurs, de g\u00e9n\u00e9reuses saveurs et de d\u00e9licates senteurs. Une belle portion \u00e0 d\u00e9guster avec du riz khmer nature.<\/p>\n<p>Composition : Crevettes, poivrons, oignons, sauce aigre-douce l\u00e9g\u00e8rement piment\u00e9e, ciboulette, sauce de poisson, sucre<\/p>\n","protected":false},"excerpt":{"rendered":"<p>1 portion de 250g minimum<\/p>\n","protected":false},"featured_media":892,"comment_status":"open","ping_status":"closed","template":"","meta":{"spay_email":""},"_links":{"self":[{"href":"https:\/\/coriandreetcitronnelle.fr\/index.php\/wp-json\/wp\/v2\/product\/811"}],"collection":[{"href":"https:\/\/coriandreetcitronnelle.fr\/index.php\/wp-json\/wp\/v2\/product"}],"about":[{"href":"https:\/\/coriandreetcitronnelle.fr\/index.php\/wp-json\/wp\/v2\/types\/product"}],"replies":[{"embeddable":true,"href":"https:\/\/coriandreetcitronnelle.fr\/index.php\/wp-json\/wp\/v2\/comments?post=811"}],"wp:featuredmedia":[{"embeddable":true,"href":"https:\/\/coriandreetcitronnelle.fr\/index.php\/wp-json\/wp\/v2\/media\/892"}],"wp:attachment":[{"href":"https:\/\/coriandreetcitronnelle.fr\/index.php\/wp-json\/wp\/v2\/media?parent=811"}],"curies":[{"name":"wp","href":"https:\/\/api.w.org\/{rel}","templated":true}]}}