{"id":1436,"date":"2021-02-04T23:53:56","date_gmt":"2021-02-04T22:53:56","guid":{"rendered":"http:\/\/coriandreetcitronnelle.fr\/?post_type=product&#038;p=1436"},"modified":"2024-07-01T21:48:57","modified_gmt":"2024-07-01T19:48:57","slug":"soupe-pho","status":"publish","type":"product","link":"https:\/\/coriandreetcitronnelle.fr\/index.php\/produit\/soupe-pho\/","title":{"rendered":"Soupe Pho"},"content":{"rendered":"<p>La soupe Pho est compos\u00e9e d\u2019un bouillon de boeuf, de subtils parfums d\u2019\u00e9pices comme la cardamome noire, l&rsquo;anis \u00e9toil\u00e9, les clous de girofle, la cannelle, le poivre noir mais \u00e9galement l&rsquo;oignon et le gingembre grill\u00e9s.<\/p>\n<p>Composition : P\u00e2te de riz, pousses de haricots mungo, boeuf mijot\u00e9, fines lamelles de boeuf, pousses de haricots mungo, pickle d&rsquo;oignon, coriandre longue, ciboulette, citron vert, sauce Hoisin, sauce de piment.<\/p>\n","protected":false},"excerpt":{"rendered":"<p>Une soupe compl\u00e8te pour deux personnes (dont 2\u20ac de consigne)<\/p>\n","protected":false},"featured_media":1437,"comment_status":"open","ping_status":"closed","template":"","meta":{"spay_email":""},"_links":{"self":[{"href":"https:\/\/coriandreetcitronnelle.fr\/index.php\/wp-json\/wp\/v2\/product\/1436"}],"collection":[{"href":"https:\/\/coriandreetcitronnelle.fr\/index.php\/wp-json\/wp\/v2\/product"}],"about":[{"href":"https:\/\/coriandreetcitronnelle.fr\/index.php\/wp-json\/wp\/v2\/types\/product"}],"replies":[{"embeddable":true,"href":"https:\/\/coriandreetcitronnelle.fr\/index.php\/wp-json\/wp\/v2\/comments?post=1436"}],"wp:featuredmedia":[{"embeddable":true,"href":"https:\/\/coriandreetcitronnelle.fr\/index.php\/wp-json\/wp\/v2\/media\/1437"}],"wp:attachment":[{"href":"https:\/\/coriandreetcitronnelle.fr\/index.php\/wp-json\/wp\/v2\/media?parent=1436"}],"curies":[{"name":"wp","href":"https:\/\/api.w.org\/{rel}","templated":true}]}}