{"id":1289,"date":"2020-11-27T00:56:33","date_gmt":"2020-11-26T23:56:33","guid":{"rendered":"http:\/\/coriandreetcitronnelle.fr\/?post_type=product&#038;p=1289"},"modified":"2024-06-05T10:13:21","modified_gmt":"2024-06-05T08:13:21","slug":"pad-thai-au-poulet-et-aux-crevettes","status":"publish","type":"product","link":"https:\/\/coriandreetcitronnelle.fr\/index.php\/produit\/pad-thai-au-poulet-et-aux-crevettes\/","title":{"rendered":"Pad Tha\u00ef au poulet et aux crevettes"},"content":{"rendered":"<p>Le Pad Tha\u00ef est un plat embl\u00e9matique de la Tha\u00eflande, une d\u00e9licieuse recette parfum\u00e9e et subtile.<\/p>\n<p>Composition : P\u00e2te de riz, pousses de haricots mungo (ou julienne de carottes), poulet, crevettes, ail, sauce de poisson, concentr\u00e9 de tamarin, coriandre, ciboulettes, cacahu\u00e8tes concass\u00e9es, citron vert, sucre, poivre de Kampot.<\/p>\n<p>&gt;&gt; R\u00e9chauffer le Pad Tha\u00ef \u00e0 la po\u00eale \u00e0 feu doux pendant 3-4 minutes (ou au micro-ondes pendant 2 minutes). Ne pas r\u00e9chauffer les crudit\u00e9s.<\/p>\n","protected":false},"excerpt":{"rendered":"<p>Pad Tha\u00ef pour 1 personne pour un repas complet<\/p>\n","protected":false},"featured_media":1288,"comment_status":"open","ping_status":"closed","template":"","meta":{"spay_email":""},"_links":{"self":[{"href":"https:\/\/coriandreetcitronnelle.fr\/index.php\/wp-json\/wp\/v2\/product\/1289"}],"collection":[{"href":"https:\/\/coriandreetcitronnelle.fr\/index.php\/wp-json\/wp\/v2\/product"}],"about":[{"href":"https:\/\/coriandreetcitronnelle.fr\/index.php\/wp-json\/wp\/v2\/types\/product"}],"replies":[{"embeddable":true,"href":"https:\/\/coriandreetcitronnelle.fr\/index.php\/wp-json\/wp\/v2\/comments?post=1289"}],"wp:featuredmedia":[{"embeddable":true,"href":"https:\/\/coriandreetcitronnelle.fr\/index.php\/wp-json\/wp\/v2\/media\/1288"}],"wp:attachment":[{"href":"https:\/\/coriandreetcitronnelle.fr\/index.php\/wp-json\/wp\/v2\/media?parent=1289"}],"curies":[{"name":"wp","href":"https:\/\/api.w.org\/{rel}","templated":true}]}}