{"id":1047,"date":"2022-01-09T05:09:05","date_gmt":"2022-01-09T04:09:05","guid":{"rendered":"http:\/\/coriandreetcitronnelle.fr\/?post_type=product&#038;p=1047"},"modified":"2025-02-17T07:23:43","modified_gmt":"2025-02-17T06:23:43","slug":"happy-dej-chez-chlorofeel-coworking","status":"publish","type":"product","link":"https:\/\/coriandreetcitronnelle.fr\/index.php\/produit\/happy-dej-chez-chlorofeel-coworking\/","title":{"rendered":"Happy D\u00e9j chez ChloroFEEL Happy Places"},"content":{"rendered":"","protected":false},"excerpt":{"rendered":"<p><span style=\"font-size: 1rem;\">Un d\u00e9licieux menu compos\u00e9 d&rsquo;un plat complet et d&rsquo;un dessert (ou d&rsquo;une petite entr\u00e9e et un plat complet) pour un repas \u00e9quilibr\u00e9 et gourmand. Une \u00e9vasion au Cambodge garantie lors de votre pause d\u00e9jeuner chez ChloroFEEL Coworking \u00e0 Meyzieu ou \u00e0 Genas.<\/span><\/p>\n<p>Le menu change toutes les semaines. Merci de commander avant le lundi \u00e0 12H00 pour le mardi.<\/p>\n<p>Tarif de 11,90\u20ac\/repas (au lieu de 13,60\u20ac).<\/p>\n<p>Vous pouvez r\u00e9gler sur place en esp\u00e8ces, par virement ou par CB. Facture disponible sur demande.<\/p>\n","protected":false},"featured_media":0,"comment_status":"open","ping_status":"closed","template":"","meta":{"spay_email":""},"_links":{"self":[{"href":"https:\/\/coriandreetcitronnelle.fr\/index.php\/wp-json\/wp\/v2\/product\/1047"}],"collection":[{"href":"https:\/\/coriandreetcitronnelle.fr\/index.php\/wp-json\/wp\/v2\/product"}],"about":[{"href":"https:\/\/coriandreetcitronnelle.fr\/index.php\/wp-json\/wp\/v2\/types\/product"}],"replies":[{"embeddable":true,"href":"https:\/\/coriandreetcitronnelle.fr\/index.php\/wp-json\/wp\/v2\/comments?post=1047"}],"wp:attachment":[{"href":"https:\/\/coriandreetcitronnelle.fr\/index.php\/wp-json\/wp\/v2\/media?parent=1047"}],"curies":[{"name":"wp","href":"https:\/\/api.w.org\/{rel}","templated":true}]}}