{"id":8,"date":"2019-11-13T16:44:46","date_gmt":"2019-11-13T15:44:46","guid":{"rendered":"http:\/\/coriandreetcitronnelle.fr\/?page_id=8"},"modified":"2024-06-12T07:24:29","modified_gmt":"2024-06-12T05:24:29","slug":"accueil","status":"publish","type":"page","link":"https:\/\/coriandreetcitronnelle.fr\/","title":{"rendered":"D\u00e9couvrir"},"content":{"rendered":"<p><span style=\"color: #ff00ff;\"><strong><span style=\"color: #ff00ff;\">LE BONHEUR DE CUISINER<\/span><\/strong><\/span><\/p>\n<p style=\"text-align: left;\"><span style=\"color: #000000;\">Gourmande de la vie, autodidacte et libre, j&rsquo;ai cr\u00e9\u00e9 CORIANDRE ET CITRONNELLE pour partager avec vous l\u2019essentiel des sp\u00e9cialit\u00e9s asiatiques et en particulier la cuisine cambodgienne (khm\u00e8re) parce qu\u2019elle est <strong>color\u00e9e<\/strong> et avec une extraordinaire vari\u00e9t\u00e9 de <strong>saveurs<\/strong> et de <strong>senteurs<\/strong>.<\/span><\/p>\n<p style=\"text-align: left;\"><span style=\"color: #000000;\">Mon but est de vous faire REd\u00e9couvrir le go\u00fbt de la cuisine : une cuisine d\u00e9poussi\u00e9r\u00e9e et d\u00e9complex\u00e9e ! <\/span><span style=\"color: #000000;\">Tout en vous transmettant <strong>le plaisir de cr\u00e9er<\/strong> et <strong>le bonheur de cuisiner<\/strong>, je souhaite avant tout que <a href=\"http:\/\/coriandreetcitronnelle.fr\/index.php\/les-formules-des-ateliers\/\">mes cours<\/a> de cuisine restent un moment de d\u00e9tente, de convivialit\u00e9 et vous donne <strong>le go\u00fbt de partager<\/strong>.<\/span><\/p>\n<p style=\"text-align: left;\"><span style=\"color: #000000;\">Pour prolonger la gourmandise et le plaisir de se retrouver, CORIANDRE ET CITRONNELLE propose \u00e9galement un service de traiteur, des <a href=\"https:\/\/coriandreetcitronnelle.fr\/index.php\/les-bons-plats\/\">plats \u00e0 emporter <\/a>et des formations et des <a href=\"http:\/\/coriandreetcitronnelle.fr\/index.php\/a-propos-de\/\">\u00e9v\u00e9nements<\/a> culinaires.<\/span><\/p>\n<p><span style=\"color: #ff00ff;\"><span style=\"color: #000000;\">Je vous souhaite une belle d\u00e9couverte culinaire, <\/span><a href=\"http:\/\/coriandreetcitronnelle.fr\/index.php\/parcours\/\"><span style=\"color: #000000;\">Sacharanin<\/span><\/a><span style=\"color: #000000;\"> SON-HERLIDOU<\/span><\/span><\/p>\n","protected":false},"excerpt":{"rendered":"<p>LE BONHEUR DE CUISINER Gourmande de la vie, autodidacte et libre, j&rsquo;ai cr\u00e9\u00e9 CORIANDRE ET CITRONNELLE pour partager avec vous l\u2019essentiel des sp\u00e9cialit\u00e9s asiatiques et en particulier la cuisine cambodgienne (khm\u00e8re) parce qu\u2019elle est color\u00e9e et avec une extraordinaire vari\u00e9t\u00e9 de saveurs et de senteurs. Mon but est de vous faire REd\u00e9couvrir le go\u00fbt de &hellip; <\/p>\n<p class=\"link-more\"><a href=\"https:\/\/coriandreetcitronnelle.fr\/\" class=\"more-link\">Continuer la lecture<span class=\"screen-reader-text\"> de &laquo;&nbsp;D\u00e9couvrir&nbsp;&raquo;<\/span><\/a><\/p>\n","protected":false},"author":1,"featured_media":0,"parent":0,"menu_order":0,"comment_status":"closed","ping_status":"closed","template":"","meta":{"spay_email":""},"_links":{"self":[{"href":"https:\/\/coriandreetcitronnelle.fr\/index.php\/wp-json\/wp\/v2\/pages\/8"}],"collection":[{"href":"https:\/\/coriandreetcitronnelle.fr\/index.php\/wp-json\/wp\/v2\/pages"}],"about":[{"href":"https:\/\/coriandreetcitronnelle.fr\/index.php\/wp-json\/wp\/v2\/types\/page"}],"author":[{"embeddable":true,"href":"https:\/\/coriandreetcitronnelle.fr\/index.php\/wp-json\/wp\/v2\/users\/1"}],"replies":[{"embeddable":true,"href":"https:\/\/coriandreetcitronnelle.fr\/index.php\/wp-json\/wp\/v2\/comments?post=8"}],"version-history":[{"count":29,"href":"https:\/\/coriandreetcitronnelle.fr\/index.php\/wp-json\/wp\/v2\/pages\/8\/revisions"}],"predecessor-version":[{"id":2148,"href":"https:\/\/coriandreetcitronnelle.fr\/index.php\/wp-json\/wp\/v2\/pages\/8\/revisions\/2148"}],"wp:attachment":[{"href":"https:\/\/coriandreetcitronnelle.fr\/index.php\/wp-json\/wp\/v2\/media?parent=8"}],"curies":[{"name":"wp","href":"https:\/\/api.w.org\/{rel}","templated":true}]}}