{"id":736,"date":"2020-04-21T09:23:19","date_gmt":"2020-04-21T07:23:19","guid":{"rendered":"http:\/\/coriandreetcitronnelle.fr\/?page_id=736"},"modified":"2022-05-25T15:52:08","modified_gmt":"2022-05-25T13:52:08","slug":"cours-sur-les-bao","status":"publish","type":"page","link":"https:\/\/coriandreetcitronnelle.fr\/index.php\/cours-sur-les-bao\/","title":{"rendered":"Cours sur les baos"},"content":{"rendered":"\n<p><strong>LE MAT\u00c9RIEL<\/strong><br>1 planche, 1 couteau, 1 \u00e9conome, 2 culs de poule moyens ou grands (type saladier), 1 bol, 1 spatule, 1 casserole avec 2 ou 3 paniers vapeur en bambou ou 1 cuiseur vapeur, 1 torchon (1 four pour faire monter la p\u00e2te), 1 rouleau \u00e0 p\u00e2tisserie<br> <br><strong>LES INGR\u00c9DIENTS<\/strong> POUR 12 BAOS DE TAILLE MOYENNE<br> &#8211; 400 g de farine de bl\u00e9 <br> &#8211; 22 cl de lait ti\u00e8de<br> &#8211; 5 g de levure de boulangerie s\u00e8che ou 15 g de levure fra\u00eeche<br>&#8211;  60 g de sucre en poudre <br> &#8211; 1\/2 c\u00e0c de sel fin <br> &#8211; 1 c\u00e0s de jus de citron (facultatif)<\/p>\n\n\n\n<p>&#8211; 350 g de porc ou poulet hach\u00e9 (possibilit\u00e9 de farcir avec un m\u00e9lange de l\u00e9gumes de saison)<br>&#8211; 6 champignons shiitak\u00e9s ou noirs ou champignons de Paris<br>&#8211; 3 c\u00e0s de sauce de poisson (ou sauce d\u2019hu\u00eetre ou sauce de soja)<br> &#8211; 2 c\u00e0s d&rsquo;huile de s\u00e9same (ou de noix ou 1 c\u00e0c de p\u00e2te de s\u00e9same ou 1 c\u00e0c de graines de s\u00e9same torr\u00e9fi\u00e9es et m\u00e9langer \u00e0 un peu d\u2019huile neutre)<br> &#8211; 1\/2 c\u00e0c de poivre moulu<br> &#8211; 1 oignon finement hach\u00e9 <br> &#8211; 1 carotte en brunoise (facultatif) <br> &#8211; 3 gousses d&rsquo;ail (facultatif)<br>Facultatif : 3 \u0153ufs durs coup\u00e9s en 4 et 1 saucisse chinoise coup\u00e9e en tranches (dans ce cas, ne pr\u00e9voir que 250 g de viande hach\u00e9e)    <\/p>\n\n\n\n<div class=\"wp-block-image\"><figure class=\"aligncenter size-large\"><img loading=\"lazy\" width=\"525\" height=\"361\" src=\"https:\/\/i1.wp.com\/coriandreetcitronnelle.fr\/wp-content\/uploads\/2020\/04\/Ingr\u00e9dients.jpg?resize=525%2C361\" alt=\"\" class=\"wp-image-777\" srcset=\"https:\/\/i2.wp.com\/coriandreetcitronnelle.fr\/wp-content\/uploads\/2020\/04\/Ingr\u00e9dients-scaled.jpg?resize=1024%2C704&amp;ssl=1 1024w, https:\/\/i2.wp.com\/coriandreetcitronnelle.fr\/wp-content\/uploads\/2020\/04\/Ingr\u00e9dients-scaled.jpg?resize=350%2C241&amp;ssl=1 350w, https:\/\/i2.wp.com\/coriandreetcitronnelle.fr\/wp-content\/uploads\/2020\/04\/Ingr\u00e9dients-scaled.jpg?resize=300%2C206&amp;ssl=1 300w, https:\/\/i2.wp.com\/coriandreetcitronnelle.fr\/wp-content\/uploads\/2020\/04\/Ingr\u00e9dients-scaled.jpg?resize=768%2C528&amp;ssl=1 768w, https:\/\/i2.wp.com\/coriandreetcitronnelle.fr\/wp-content\/uploads\/2020\/04\/Ingr\u00e9dients-scaled.jpg?resize=1536%2C1056&amp;ssl=1 1536w, https:\/\/i2.wp.com\/coriandreetcitronnelle.fr\/wp-content\/uploads\/2020\/04\/Ingr\u00e9dients-scaled.jpg?resize=2048%2C1408&amp;ssl=1 2048w\" sizes=\"(max-width: 767px) 89vw, (max-width: 1000px) 54vw, (max-width: 1071px) 543px, 580px\" data-recalc-dims=\"1\" \/><\/figure><\/div>\n\n\n\n<p><\/p>\n\n\n\n<p>Si vous avez un doute sur un ingr\u00e9dient ou souhaitez le remplacer, vous pouvez me <a href=\"http:\/\/coriandreetcitronnelle.fr\/index.php\/contact\/\">contacter<\/a> <\/p>\n","protected":false},"excerpt":{"rendered":"<p>LE MAT\u00c9RIEL1 planche, 1 couteau, 1 \u00e9conome, 2 culs de poule moyens ou grands (type saladier), 1 bol, 1 spatule, 1 casserole avec 2 ou 3 paniers vapeur en bambou ou 1 cuiseur vapeur, 1 torchon (1 four pour faire monter la p\u00e2te), 1 rouleau \u00e0 p\u00e2tisserie LES INGR\u00c9DIENTS POUR 12 BAOS DE TAILLE MOYENNE &hellip; <\/p>\n<p class=\"link-more\"><a href=\"https:\/\/coriandreetcitronnelle.fr\/index.php\/cours-sur-les-bao\/\" class=\"more-link\">Continuer la lecture<span class=\"screen-reader-text\"> de &laquo;&nbsp;Cours sur les baos&nbsp;&raquo;<\/span><\/a><\/p>\n","protected":false},"author":1,"featured_media":0,"parent":0,"menu_order":0,"comment_status":"closed","ping_status":"closed","template":"","meta":{"spay_email":""},"_links":{"self":[{"href":"https:\/\/coriandreetcitronnelle.fr\/index.php\/wp-json\/wp\/v2\/pages\/736"}],"collection":[{"href":"https:\/\/coriandreetcitronnelle.fr\/index.php\/wp-json\/wp\/v2\/pages"}],"about":[{"href":"https:\/\/coriandreetcitronnelle.fr\/index.php\/wp-json\/wp\/v2\/types\/page"}],"author":[{"embeddable":true,"href":"https:\/\/coriandreetcitronnelle.fr\/index.php\/wp-json\/wp\/v2\/users\/1"}],"replies":[{"embeddable":true,"href":"https:\/\/coriandreetcitronnelle.fr\/index.php\/wp-json\/wp\/v2\/comments?post=736"}],"version-history":[{"count":14,"href":"https:\/\/coriandreetcitronnelle.fr\/index.php\/wp-json\/wp\/v2\/pages\/736\/revisions"}],"predecessor-version":[{"id":1779,"href":"https:\/\/coriandreetcitronnelle.fr\/index.php\/wp-json\/wp\/v2\/pages\/736\/revisions\/1779"}],"wp:attachment":[{"href":"https:\/\/coriandreetcitronnelle.fr\/index.php\/wp-json\/wp\/v2\/media?parent=736"}],"curies":[{"name":"wp","href":"https:\/\/api.w.org\/{rel}","templated":true}]}}