{"id":434,"date":"2019-12-11T10:06:57","date_gmt":"2019-12-11T09:06:57","guid":{"rendered":"http:\/\/coriandreetcitronnelle.fr\/?page_id=434"},"modified":"2024-01-31T22:15:28","modified_gmt":"2024-01-31T21:15:28","slug":"boostez-votre-activite","status":"publish","type":"page","link":"https:\/\/coriandreetcitronnelle.fr\/index.php\/boostez-votre-activite\/","title":{"rendered":"Boostez votre activit\u00e9"},"content":{"rendered":"\n<p><strong>Boostez votre activit\u00e9 gr\u00e2ce aux formations d\u00e9di\u00e9es aux food-entrepreneurs.<\/strong>                    <\/p>\n\n\n\n<p>CORIANDRE ET CITRONNELLE s&rsquo;entoure de partenaires pour mettre tout son savoir-faire au service de l&rsquo;optimisation de votre \u00e9tablissement. Nous  vous proposons des conseils et formations en fonction de vos besoins.<\/p>\n\n\n\n<p>Les contenus des formations peuvent \u00eatre modulables selon vos objectifs professionnels.                     <\/p>\n\n\n\n<p><strong>Quelques-unes de nos formations&nbsp; :<\/strong>                 <br><\/p>\n\n\n\n<ol><li>Techniques culinaires et outils marketing                         <\/li><li>Am\u00e9liorer sa visibilit\u00e9 et son chiffre d\u2019affaires                         <\/li><li>D\u00e9velopper l\u2019activit\u00e9 traiteur                      <\/li><li>Bien concevoir sa carte de restaurant                         <\/li><li>Formation en hygi\u00e8ne alimentaire et chiffre d&rsquo;affaires (avec <a rel=\"noreferrer noopener\" href=\"https:\/\/www.jasconsulting.fr\/formation\" target=\"_blank\">Jas Consulting<\/a>)                         <\/li><\/ol>\n\n\n\n<ul><li>Comment bien d\u00e9marrer son activit\u00e9 en toute s\u00e9curit\u00e9 : ma\u00eetriser l&rsquo;hygi\u00e8ne alimentaire (formation HACCP obligatoire) et communiquer pour attirer des clients                               <\/li><li>Comment attirer de nouveaux clients : rappel des bases en hygi\u00e8ne alimentaire et am\u00e9liorer sa visibilit\u00e9                                 <\/li><\/ul>\n\n\n\n<div class=\"wp-block-image\"><figure class=\"aligncenter is-resized\"><img loading=\"lazy\" src=\"https:\/\/i0.wp.com\/coriandreetcitronnelle.fr\/wp-content\/uploads\/2019\/12\/Formations-Food-Entretreneurs.png?resize=525%2C176\" alt=\"\" class=\"wp-image-437\" width=\"525\" height=\"176\" srcset=\"https:\/\/i0.wp.com\/coriandreetcitronnelle.fr\/wp-content\/uploads\/2019\/12\/Formations-Food-Entretreneurs.png?w=512&amp;ssl=1 512w, https:\/\/i0.wp.com\/coriandreetcitronnelle.fr\/wp-content\/uploads\/2019\/12\/Formations-Food-Entretreneurs.png?resize=350%2C117&amp;ssl=1 350w, https:\/\/i0.wp.com\/coriandreetcitronnelle.fr\/wp-content\/uploads\/2019\/12\/Formations-Food-Entretreneurs.png?resize=300%2C100&amp;ssl=1 300w\" sizes=\"(max-width: 525px) 100vw, 525px\" data-recalc-dims=\"1\" \/><figcaption>Formations pour food entrepreneurs<\/figcaption><\/figure><\/div>\n\n\n\n<p><\/p>\n\n\n\n<p class=\"has-text-color\" style=\"color:#787a7b;font-size:12px\">\ud83d\udc49 D\u00e9couvrez tous les <a href=\"http:\/\/coriandreetcitronnelle.fr\/index.php\/a-propos-de\/\">coups de FOOD<\/a> de CORIANDRE ET CITRONNELLE <\/p>\n","protected":false},"excerpt":{"rendered":"<p>Boostez votre activit\u00e9 gr\u00e2ce aux formations d\u00e9di\u00e9es aux food-entrepreneurs. CORIANDRE ET CITRONNELLE s&rsquo;entoure de partenaires pour mettre tout son savoir-faire au service de l&rsquo;optimisation de votre \u00e9tablissement. Nous vous proposons des conseils et formations en fonction de vos besoins. Les contenus des formations peuvent \u00eatre modulables selon vos objectifs professionnels. Quelques-unes de nos formations&nbsp; : &hellip; <\/p>\n<p class=\"link-more\"><a href=\"https:\/\/coriandreetcitronnelle.fr\/index.php\/boostez-votre-activite\/\" class=\"more-link\">Continuer la lecture<span class=\"screen-reader-text\"> de &laquo;&nbsp;Boostez votre activit\u00e9&nbsp;&raquo;<\/span><\/a><\/p>\n","protected":false},"author":1,"featured_media":0,"parent":0,"menu_order":0,"comment_status":"closed","ping_status":"closed","template":"","meta":{"spay_email":""},"_links":{"self":[{"href":"https:\/\/coriandreetcitronnelle.fr\/index.php\/wp-json\/wp\/v2\/pages\/434"}],"collection":[{"href":"https:\/\/coriandreetcitronnelle.fr\/index.php\/wp-json\/wp\/v2\/pages"}],"about":[{"href":"https:\/\/coriandreetcitronnelle.fr\/index.php\/wp-json\/wp\/v2\/types\/page"}],"author":[{"embeddable":true,"href":"https:\/\/coriandreetcitronnelle.fr\/index.php\/wp-json\/wp\/v2\/users\/1"}],"replies":[{"embeddable":true,"href":"https:\/\/coriandreetcitronnelle.fr\/index.php\/wp-json\/wp\/v2\/comments?post=434"}],"version-history":[{"count":7,"href":"https:\/\/coriandreetcitronnelle.fr\/index.php\/wp-json\/wp\/v2\/pages\/434\/revisions"}],"predecessor-version":[{"id":2046,"href":"https:\/\/coriandreetcitronnelle.fr\/index.php\/wp-json\/wp\/v2\/pages\/434\/revisions\/2046"}],"wp:attachment":[{"href":"https:\/\/coriandreetcitronnelle.fr\/index.php\/wp-json\/wp\/v2\/media?parent=434"}],"curies":[{"name":"wp","href":"https:\/\/api.w.org\/{rel}","templated":true}]}}