{"id":3,"date":"2019-11-13T16:02:18","date_gmt":"2019-11-13T15:02:18","guid":{"rendered":"http:\/\/coriandreetcitronnelle.fr\/?page_id=3"},"modified":"2023-12-28T07:27:03","modified_gmt":"2023-12-28T06:27:03","slug":"politique-de-confidentialite","status":"publish","type":"page","link":"https:\/\/coriandreetcitronnelle.fr\/index.php\/politique-de-confidentialite\/","title":{"rendered":"Politique de confidentialit\u00e9"},"content":{"rendered":"\n<h2>Mentions l\u00e9gales<\/h2>\n\n\n\n<p><strong>Conception et R\u00e9alisation<\/strong> : <\/p>\n\n\n\n<p>CORIANDRE ET CITRONNELLE &#8211;  5, Rue du Muguet 69330 Meyzieu (www.coriandreetcitronnelle.fr) &#8211; APE : 5610C &#8211; SIRET : 529 235 269 00022<\/p>\n\n\n\n<p><strong>Cr\u00e9dits photos :<\/strong> Olivier GRAFF (www.photograff.fr) &#8211; Sacharanin SON-HERLIDOU   <\/p>\n\n\n\n<p><strong>Propri\u00e9t\u00e9s intellectuelles :\u00a0<\/strong>Coriandre et Citronnelle est une marque de ImagEmotions.  La totalit\u00e9 des \u00e9l\u00e9ments du site <a href=\"http:\/\/www.coriandre-et-citronnelle.jimdo.com\/\">www.coriandreetcitronnelle.fr<\/a>, notamment les textes, illustrations, photographies, sont la propri\u00e9t\u00e9 exclusive de CORIANDRE ET CITRONNELLE. A ce titre, leurs repr\u00e9sentations, reproductions, diffusions et rediffusions, partielles ou totales sont interdites.<\/p>\n\n\n\n<p><\/p>\n\n\n\n<p><\/p>\n\n\n\n<h2><strong><u>Conditions de vente :<\/u><\/strong><\/h2>\n\n\n\n<p>Toute r\u00e9servation (plats \u00e0 emporter ou cours de cuisine) effectu\u00e9e (par mail, par SMS ou en ligne) est ferme et non remboursable sauf en cas d\u2019annulation de Coriandre et Citronnelle. Dans ce dernier cas, le remboursement sera effectu\u00e9 ou un report de cours sera propos\u00e9.<\/p>\n\n\n\n<p>Les&nbsp; demandes de report de cours sont accept\u00e9s seulement&nbsp;au plus tard 14 jours avant la date du cours.<\/p>\n\n\n\n<p>\u00c0 partir de 13 jours avant le cours et jusqu\u2019\u00e0 la date du cours r\u00e9serv\u00e9,&nbsp;en cas d\u2019emp\u00eachement ou de maladie,&nbsp;<strong>le billet peut \u00eatre transmis \u00e0 un(e) autre participant(e)&nbsp;<\/strong>en indiquant au pr\u00e9alable le nom du participant rempla\u00e7ant \u00e0 Coriandre et Citronnelle par mail : coriandre.citronnelle@gmail.com. La place n\u2019est donc pas perdue.&nbsp;<strong>Aucun remboursement, avoir ou report de cours ne peut \u00eatre effectu\u00e9.<\/strong>&nbsp;Ces mesures ont \u00e9t\u00e9 prises suite \u00e0 de nombreuses demandes de report de cours qui ont caus\u00e9 jusqu\u2019\u00e0 pr\u00e9sent, des pertes de places inutiles et n\u2019ayant pu \u00eatre remplac\u00e9es dans les temps. Merci de votre compr\u00e9hension.<\/p>\n","protected":false},"excerpt":{"rendered":"<p>Mentions l\u00e9gales Conception et R\u00e9alisation : CORIANDRE ET CITRONNELLE &#8211; 5, Rue du Muguet 69330 Meyzieu (www.coriandreetcitronnelle.fr) &#8211; APE : 5610C &#8211; SIRET : 529 235 269 00022 Cr\u00e9dits photos : Olivier GRAFF (www.photograff.fr) &#8211; Sacharanin SON-HERLIDOU Propri\u00e9t\u00e9s intellectuelles :\u00a0Coriandre et Citronnelle est une marque de ImagEmotions. La totalit\u00e9 des \u00e9l\u00e9ments du site www.coriandreetcitronnelle.fr, notamment &hellip; <\/p>\n<p class=\"link-more\"><a href=\"https:\/\/coriandreetcitronnelle.fr\/index.php\/politique-de-confidentialite\/\" class=\"more-link\">Continuer la lecture<span class=\"screen-reader-text\"> de &laquo;&nbsp;Politique de confidentialit\u00e9&nbsp;&raquo;<\/span><\/a><\/p>\n","protected":false},"author":1,"featured_media":0,"parent":0,"menu_order":0,"comment_status":"closed","ping_status":"open","template":"","meta":{"spay_email":""},"_links":{"self":[{"href":"https:\/\/coriandreetcitronnelle.fr\/index.php\/wp-json\/wp\/v2\/pages\/3"}],"collection":[{"href":"https:\/\/coriandreetcitronnelle.fr\/index.php\/wp-json\/wp\/v2\/pages"}],"about":[{"href":"https:\/\/coriandreetcitronnelle.fr\/index.php\/wp-json\/wp\/v2\/types\/page"}],"author":[{"embeddable":true,"href":"https:\/\/coriandreetcitronnelle.fr\/index.php\/wp-json\/wp\/v2\/users\/1"}],"replies":[{"embeddable":true,"href":"https:\/\/coriandreetcitronnelle.fr\/index.php\/wp-json\/wp\/v2\/comments?post=3"}],"version-history":[{"count":9,"href":"https:\/\/coriandreetcitronnelle.fr\/index.php\/wp-json\/wp\/v2\/pages\/3\/revisions"}],"predecessor-version":[{"id":2016,"href":"https:\/\/coriandreetcitronnelle.fr\/index.php\/wp-json\/wp\/v2\/pages\/3\/revisions\/2016"}],"wp:attachment":[{"href":"https:\/\/coriandreetcitronnelle.fr\/index.php\/wp-json\/wp\/v2\/media?parent=3"}],"curies":[{"name":"wp","href":"https:\/\/api.w.org\/{rel}","templated":true}]}}