{"id":2,"date":"2019-11-13T16:02:18","date_gmt":"2019-11-13T15:02:18","guid":{"rendered":"http:\/\/coriandreetcitronnelle.fr\/?page_id=2"},"modified":"2024-07-09T21:48:16","modified_gmt":"2024-07-09T19:48:16","slug":"page-d-exemple","status":"publish","type":"page","link":"https:\/\/coriandreetcitronnelle.fr\/index.php\/une-section-de-page-daccueil\/page-d-exemple\/","title":{"rendered":"Les (bons) plats \u00e0 emporter"},"content":{"rendered":"\n<p class=\"has-text-color\" style=\"color:#ed07c6\"><strong>POUR LE GO\u00dbT DE PARTAGER <\/strong><\/p>\n\n\n\n<p>Pour des repas savoureux et \u00e9quilibr\u00e9s en solo ou \u00e0 partager, CORIANDRE ET CITRONNELLE vous propose des (tr\u00e8s  bons) plats \u00e0 emporter.  Vous pourrez d\u00e9guster les sp\u00e9cialit\u00e9s  les plus traditionnelles telles que les rouleaux de printemps, les nems, le bo-bun ou encore le pad tha\u00ef. Puis poursuivez votre  voyage culinaire au Cambodge avec un large choix de plats \u00e0 base de viande (ou crevettes et poisson) cuisin\u00e9s avec des l\u00e9gumes et des \u00e9pices (que du fait maison et avec amour).<\/p>\n\n\n\n<p><\/p>\n\n\n\n<p>O\u00f9 trouver les sp\u00e9cialit\u00e9s de CORIANDRE ET CITRONNELLE : <strong><span style=\"color:#eb67cc\" class=\"has-inline-color\">UNIQUEMENT SUR COMMANDE ET \u00e0 J-2 avant 12H00.<\/span><\/strong><\/p>\n\n\n\n<p><strong>Merci de pr\u00e9ciser d&rsquo;\u00e9ventuelles intol\u00e9rances ou allergies lors de votre commande .<\/strong> Tous les plats sont faits maison et uniquement sur commande. Aucun plat n&rsquo;est donc disponible \u00e0 l&rsquo;avance. <\/p>\n\n\n\n<p>Vous pouvez passer commande :  par <a href=\"http:\/\/coriandreetcitronnelle.fr\/index.php\/contact\/\">t\u00e9l\u00e9phone ou par mail<\/a> ou encore via la <a href=\"http:\/\/coriandreetcitronnelle.fr\/index.php\/une-section-de-page-daccueil\/page-d-exemple\/e-boutique\/\"><\/a><strong><a href=\"https:\/\/coriandreetcitronnelle.sumupstore.com\/\"><span style=\"color:#ed68e7\" class=\"has-inline-color\">E-SHOP<\/span><\/a><\/strong>.<\/p>\n\n\n\n<p>Vos commandes sont \u00e0 retirer au 5 Rue du Muguet 69330 Meyzieu et sur rendez-vous pendant les horaires d&rsquo;ouverture (le mercredi de 14H00 \u00e0 19H00 et du jeudi au samedi de 9H00 \u00e0 19H00). R\u00e8glement en esp\u00e8ces ou par CB, les ch\u00e8ques ne sont plus accept\u00e9s (merci pour votre compr\u00e9hension).<\/p>\n\n\n\n<p style=\"font-size:10px\">Livraison possible \u00e0 Meyzieu pour les commandes de 50\u20ac et plus (+ 10% de frais de livraison, soit minimum 5\u20ac et maximum 20\u20ac de frais de livraison).<\/p>\n\n\n\n<p><\/p>\n\n\n\n<p>Merci \u00e0 vous qui me faites confiance, retrouvez les principaux <a href=\"http:\/\/coriandreetcitronnelle.fr\/index.php\/ils-temoignent\/\" data-type=\"page\" data-id=\"1204\">t\u00e9moignages<\/a><\/p>\n\n\n\n<p><\/p>\n\n\n\n<p><\/p>\n\n\n\n<p class=\"has-text-color\" style=\"color:#8a9296;font-size:12px\">\ud83d\udc49 CORIANDRE ET CITRONNELLE propose \u00e9galement des <a href=\"http:\/\/coriandreetcitronnelle.fr\/index.php\/atelier-de-cuisine\/\">cours de cuisine<\/a> et des<a href=\"http:\/\/coriandreetcitronnelle.fr\/index.php\/a-propos-de\/\"> \u00e9v\u00e9nements culinaires<\/a> <\/p>\n","protected":false},"excerpt":{"rendered":"<p>POUR LE GO\u00dbT DE PARTAGER Pour des repas savoureux et \u00e9quilibr\u00e9s en solo ou \u00e0 partager, CORIANDRE ET CITRONNELLE vous propose des (tr\u00e8s bons) plats \u00e0 emporter. Vous pourrez d\u00e9guster les sp\u00e9cialit\u00e9s les plus traditionnelles telles que les rouleaux de printemps, les nems, le bo-bun ou encore le pad tha\u00ef. Puis poursuivez votre voyage culinaire &hellip; <\/p>\n<p class=\"link-more\"><a href=\"https:\/\/coriandreetcitronnelle.fr\/index.php\/une-section-de-page-daccueil\/page-d-exemple\/\" class=\"more-link\">Continuer la lecture<span class=\"screen-reader-text\"> de &laquo;&nbsp;Les (bons) plats \u00e0 emporter&nbsp;&raquo;<\/span><\/a><\/p>\n","protected":false},"author":1,"featured_media":580,"parent":12,"menu_order":1,"comment_status":"closed","ping_status":"open","template":"","meta":{"spay_email":""},"_links":{"self":[{"href":"https:\/\/coriandreetcitronnelle.fr\/index.php\/wp-json\/wp\/v2\/pages\/2"}],"collection":[{"href":"https:\/\/coriandreetcitronnelle.fr\/index.php\/wp-json\/wp\/v2\/pages"}],"about":[{"href":"https:\/\/coriandreetcitronnelle.fr\/index.php\/wp-json\/wp\/v2\/types\/page"}],"author":[{"embeddable":true,"href":"https:\/\/coriandreetcitronnelle.fr\/index.php\/wp-json\/wp\/v2\/users\/1"}],"replies":[{"embeddable":true,"href":"https:\/\/coriandreetcitronnelle.fr\/index.php\/wp-json\/wp\/v2\/comments?post=2"}],"version-history":[{"count":112,"href":"https:\/\/coriandreetcitronnelle.fr\/index.php\/wp-json\/wp\/v2\/pages\/2\/revisions"}],"predecessor-version":[{"id":2162,"href":"https:\/\/coriandreetcitronnelle.fr\/index.php\/wp-json\/wp\/v2\/pages\/2\/revisions\/2162"}],"up":[{"embeddable":true,"href":"https:\/\/coriandreetcitronnelle.fr\/index.php\/wp-json\/wp\/v2\/pages\/12"}],"wp:featuredmedia":[{"embeddable":true,"href":"https:\/\/coriandreetcitronnelle.fr\/index.php\/wp-json\/wp\/v2\/media\/580"}],"wp:attachment":[{"href":"https:\/\/coriandreetcitronnelle.fr\/index.php\/wp-json\/wp\/v2\/media?parent=2"}],"curies":[{"name":"wp","href":"https:\/\/api.w.org\/{rel}","templated":true}]}}