{"id":1877,"date":"2023-03-25T07:43:38","date_gmt":"2023-03-25T06:43:38","guid":{"rendered":"http:\/\/coriandreetcitronnelle.fr\/?page_id=1877"},"modified":"2026-04-04T22:54:17","modified_gmt":"2026-04-04T20:54:17","slug":"les-bons-plats","status":"publish","type":"page","link":"https:\/\/coriandreetcitronnelle.fr\/index.php\/les-bons-plats\/","title":{"rendered":"Les BONS plats"},"content":{"rendered":"\n<figure class=\"wp-block-image size-full\"><img loading=\"lazy\" width=\"525\" height=\"440\" src=\"https:\/\/i0.wp.com\/coriandreetcitronnelle.fr\/wp-content\/uploads\/2026\/04\/Publie-050426-.png?resize=525%2C440&#038;ssl=1\" alt=\"\" class=\"wp-image-2216\" srcset=\"https:\/\/i0.wp.com\/coriandreetcitronnelle.fr\/wp-content\/uploads\/2026\/04\/Publie-050426-.png?w=940&amp;ssl=1 940w, https:\/\/i0.wp.com\/coriandreetcitronnelle.fr\/wp-content\/uploads\/2026\/04\/Publie-050426-.png?resize=300%2C251&amp;ssl=1 300w, https:\/\/i0.wp.com\/coriandreetcitronnelle.fr\/wp-content\/uploads\/2026\/04\/Publie-050426-.png?resize=768%2C644&amp;ssl=1 768w, https:\/\/i0.wp.com\/coriandreetcitronnelle.fr\/wp-content\/uploads\/2026\/04\/Publie-050426-.png?resize=350%2C293&amp;ssl=1 350w\" sizes=\"(max-width: 767px) 89vw, (max-width: 1000px) 54vw, (max-width: 1071px) 543px, 580px\" data-recalc-dims=\"1\" \/><\/figure>\n\n\n\n<p class=\"has-text-align-left\">O\u00f9 trouver les sp\u00e9cialit\u00e9s de CORIANDRE ET CITRONNELLE : <strong><span style=\"color:#eb67cc\" class=\"has-inline-color\">UNIQUEMENT SUR COMMANDE ET \u00e0 J-2 avant 12H00<\/span><\/strong> (<a href=\"https:\/\/coriandreetcitronnelle.sumupstore.com\/\">commande en ligne<\/a>, <a href=\"https:\/\/coriandreetcitronnelle.fr\/index.php\/contact\/\" data-type=\"page\" data-id=\"10\">par mail ou par t\u00e9l\u00e9phone<\/a>) <\/p>\n\n\n\n<p class=\"has-text-align-left\">Vous trouverez dans la boutique en ligne ci-dessous <a href=\"https:\/\/coriandreetcitronnelle.sumupstore.com\/\">les suggestions<\/a> ainsi que mes coups de food du moment.  <\/p>\n\n\n\n<div class=\"wp-block-cover aligncenter has-background-dim\" style=\"min-height:370px\"><img loading=\"lazy\" width=\"525\" height=\"439\" class=\"wp-block-cover__image-background wp-image-1916\" alt=\"\" src=\"https:\/\/i2.wp.com\/coriandreetcitronnelle.fr\/wp-content\/uploads\/2023\/03\/IMG_7997-1.jpg?resize=525%2C439&#038;ssl=1\" style=\"object-position:51% 58%\" data-object-fit=\"cover\" data-object-position=\"51% 58%\" srcset=\"https:\/\/i2.wp.com\/coriandreetcitronnelle.fr\/wp-content\/uploads\/2023\/03\/IMG_7997-1.jpg?w=718&amp;ssl=1 718w, https:\/\/i2.wp.com\/coriandreetcitronnelle.fr\/wp-content\/uploads\/2023\/03\/IMG_7997-1.jpg?resize=300%2C251&amp;ssl=1 300w, https:\/\/i2.wp.com\/coriandreetcitronnelle.fr\/wp-content\/uploads\/2023\/03\/IMG_7997-1.jpg?resize=350%2C292&amp;ssl=1 350w\" sizes=\"(max-width: 525px) 100vw, 525px\" data-recalc-dims=\"1\" \/><div class=\"wp-block-cover__inner-container\">\n<p class=\"has-text-align-center\" style=\"font-size:30px\"><a href=\"https:\/\/coriandreetcitronnelle.sumupstore.com\/\"><span class=\"has-inline-color has-white-color\">Choisissez ici les BONS PLATS<\/span><\/a><\/p>\n<\/div><\/div>\n\n\n\n<p>Profitez-en pour partager de savoureux repas \u00e9quilibr\u00e9s en famille ou entre amis. Tous les plats sont cuisin\u00e9s maison, \u00e0 la demande et avec beaucoup d\u2019amour ! Dans la mesure du possible et \u00e0 l\u2019exception de certains produits exotiques, les ingr\u00e9dients utilis\u00e9s sont issus de l\u2019agriculture raisonn\u00e9e et ou bio. <\/p>\n\n\n\n<p>Certains plats sont aussi disponibles pour&nbsp;<strong>les v\u00e9g\u00e9tariens et vegans<\/strong>. Merci de&nbsp;<a href=\"http:\/\/coriandreetcitronnelle.fr\/index.php\/contact\/\">me contacter<\/a>&nbsp;par t\u00e9l\u00e9phone ou par mail pour convenir ensemble du menu.<\/p>\n\n\n\n<p>D\u00e8s r\u00e9ception de votre commande, nous convenons ensemble de la date et de l\u2019heure de retrait <strong>pendant les horaires d\u2019ouverture (le mercredi de 14H00 \u00e0 19H00 et du jeudi au samedi de 9H00 \u00e0 19H00).<\/strong> Vos commandes sont \u00e0 retirer au 5 Rue du Muguet 69330 Meyzieu. <\/p>\n\n\n\n<p>Si vous avez pass\u00e9 votre commande par mail ou par t\u00e9l\u00e9phone, vous pouvez r\u00e9gler en esp\u00e8ces, par virement ou par CB.&nbsp;<\/p>\n\n\n\n<p>Vous ne souhaitez pas commander en ligne, vous pouvez choisir parmi les plats ci-dessous <em>:<\/em><\/p>\n\n\n\n<p>&#8211; Soupe ph\u1edf (13\u20ac),&nbsp;minimum 2 parts par commande&nbsp;(+ 2\u20ac\/bouteille consign\u00e9e), soit les 2 parts \u00e0 28\u20ac<\/p>\n\n\n\n<p>&#8211; Amok de poisson (11\u20ac),&nbsp;minimum 2 parts par commande&nbsp;(+ 2\u20ac\/bocal consign\u00e9), soit les 2 parts \u00e0 26\u20ac<\/p>\n\n\n\n<p>&#8211; Bo Bun (11,50\u20ac)<\/p>\n\n\n\n<p> &#8211; Pad tha\u00ef au poulet et aux crevettes (11,50\u20ac) <\/p>\n\n\n\n<p>&#8211; Soupe Tom aux crevettes (10\u20ac)<\/p>\n\n\n\n<p>&#8211; Crevettes sauce piquante (10\u20ac)<\/p>\n\n\n\n<p>&#8211; Boeuf saut\u00e9 \u00e0 la citronnelle (11\u20ac)<\/p>\n\n\n\n<p>&#8211; Porc au caramel (11\u20ac)<\/p>\n\n\n\n<p>&#8211; Salade de poulet\/crevettes ou boeuf \u00e0 la citronnelle (10\u20ac)<\/p>\n\n\n\n<p>&#8211; Nouilles saut\u00e9es (5\u20ac), Riz cantonais (5\u20ac) ou nature (4\u20ac)<\/p>\n\n\n\n<p>&#8211; Rouleaux de printemps aux crevettes (1,98\u20ac\/pi\u00e8ce),&nbsp;minimum 4 pi\u00e8ces par commande&nbsp;<\/p>\n\n\n\n<p>&#8211; Beignets de crevettes (1,50\u20ac\/pi\u00e8ce),&nbsp;minimum 4 pi\u00e8ces par commande&nbsp;<\/p>\n\n\n\n<p>&#8211; Nems* au poulet \/ porc \/ crevettes (1\u20ac\/pi\u00e8ce),&nbsp;min. 6 pi\u00e8ces de chaque vari\u00e9t\u00e9 par commande&nbsp;<\/p>\n\n\n\n<p>&#8211; Samoussas au boeuf \/ poulet (1\u20ac\/pi\u00e8ce),&nbsp;min. 6 pi\u00e8ces de chaque vari\u00e9t\u00e9 par commande<\/p>\n\n\n\n<p>&#8211; Sauces pour les nems ou aigre-douce (0,80\u20ac\/portion)<\/p>\n\n\n\n<p>&#8211; Dessert selon l\u2019inspiration (3,50\u20ac)<\/p>\n\n\n\n<p class=\"has-small-font-size\"><em>(*) Les nems sont confectionn\u00e9s avec les galettes de bl\u00e9. Suppl\u00e9ment de 0,20\u20ac\/pi\u00e8ce pour les nems \u00e0 base de galettes de riz soit 1,20\u20ac\/pi\u00e8ce.<\/em><\/p>\n\n\n\n<p><\/p>\n\n\n\n<p><strong>Merci de pr\u00e9ciser d\u2019\u00e9ventuelles intol\u00e9rances ou allergies lors de votre commande .<\/strong>&nbsp;Tous les plats sont faits maison et uniquement sur commande. Aucun plat n\u2019est donc disponible \u00e0 l\u2019avance.<\/p>\n\n\n\n<p class=\"has-small-font-size\">Livraison possible \u00e0 Meyzieu pour les commandes de 50\u20ac et plus (+ 10% de frais de livraison, soit minimum 5\u20ac de frais de livraison).<\/p>\n\n\n\n<p><\/p>\n\n\n\n<p>Merci \u00e0 vous qui me faites confiance, retrouvez les principaux&nbsp;<a href=\"http:\/\/coriandreetcitronnelle.fr\/index.php\/ils-temoignent\/\">t\u00e9moignages<\/a><\/p>\n\n\n\n<p>CORIANDRE ET CITRONNELLE propose \u00e9galement des&nbsp;<a href=\"http:\/\/coriandreetcitronnelle.fr\/index.php\/atelier-de-cuisine\/\">cours de cuisine<\/a>&nbsp;et des<a href=\"http:\/\/coriandreetcitronnelle.fr\/index.php\/a-propos-de\/\">&nbsp;\u00e9v\u00e9nements culinaires<\/a><\/p>\n","protected":false},"excerpt":{"rendered":"<p>O\u00f9 trouver les sp\u00e9cialit\u00e9s de CORIANDRE ET CITRONNELLE : UNIQUEMENT SUR COMMANDE ET \u00e0 J-2 avant 12H00 (commande en ligne, par mail ou par t\u00e9l\u00e9phone) Vous trouverez dans la boutique en ligne ci-dessous les suggestions ainsi que mes coups de food du moment. Profitez-en pour partager de savoureux repas \u00e9quilibr\u00e9s en famille ou entre amis. &hellip; <\/p>\n<p class=\"link-more\"><a href=\"https:\/\/coriandreetcitronnelle.fr\/index.php\/les-bons-plats\/\" class=\"more-link\">Continuer la lecture<span class=\"screen-reader-text\"> de &laquo;&nbsp;Les BONS plats&nbsp;&raquo;<\/span><\/a><\/p>\n","protected":false},"author":1,"featured_media":0,"parent":0,"menu_order":0,"comment_status":"closed","ping_status":"closed","template":"","meta":{"spay_email":""},"_links":{"self":[{"href":"https:\/\/coriandreetcitronnelle.fr\/index.php\/wp-json\/wp\/v2\/pages\/1877"}],"collection":[{"href":"https:\/\/coriandreetcitronnelle.fr\/index.php\/wp-json\/wp\/v2\/pages"}],"about":[{"href":"https:\/\/coriandreetcitronnelle.fr\/index.php\/wp-json\/wp\/v2\/types\/page"}],"author":[{"embeddable":true,"href":"https:\/\/coriandreetcitronnelle.fr\/index.php\/wp-json\/wp\/v2\/users\/1"}],"replies":[{"embeddable":true,"href":"https:\/\/coriandreetcitronnelle.fr\/index.php\/wp-json\/wp\/v2\/comments?post=1877"}],"version-history":[{"count":64,"href":"https:\/\/coriandreetcitronnelle.fr\/index.php\/wp-json\/wp\/v2\/pages\/1877\/revisions"}],"predecessor-version":[{"id":2218,"href":"https:\/\/coriandreetcitronnelle.fr\/index.php\/wp-json\/wp\/v2\/pages\/1877\/revisions\/2218"}],"wp:attachment":[{"href":"https:\/\/coriandreetcitronnelle.fr\/index.php\/wp-json\/wp\/v2\/media?parent=1877"}],"curies":[{"name":"wp","href":"https:\/\/api.w.org\/{rel}","templated":true}]}}