{"id":180,"date":"2019-11-14T09:41:10","date_gmt":"2019-11-14T08:41:10","guid":{"rendered":"http:\/\/coriandreetcitronnelle.fr\/?page_id=180"},"modified":"2024-01-31T22:11:24","modified_gmt":"2024-01-31T21:11:24","slug":"team-building-team-cooking","status":"publish","type":"page","link":"https:\/\/coriandreetcitronnelle.fr\/index.php\/a-propos-de\/team-building-team-cooking\/","title":{"rendered":"Team building \/ team cooking"},"content":{"rendered":"\n<p>Am\u00e9liorez l&rsquo;efficacit\u00e9 de vos collaborateurs, renforcez l&rsquo;esprit d&rsquo;\u00e9quipe ou tissez des liens avec vos clients\/partenaires, cr\u00e9ez un <strong>moment marquant<\/strong> en organisant <strong>un cours de cuisine<\/strong>.                                   <\/p>\n\n\n\n<p>Nous vous proposons diff\u00e9rents formats pour <strong>motiver<\/strong>,&nbsp;<strong>amuser<\/strong>&nbsp;et&nbsp;<strong>surprendre<\/strong>&nbsp;vos collaborateurs et leur faire passer un <strong>moment inoubliable.&nbsp;<\/strong>Les personnalit\u00e9s se r\u00e9v\u00e8lent et doivent coop\u00e9rer pour concocter des recettes sal\u00e9es et sucr\u00e9es que les participants d\u00e9gustent ensuite autour d&rsquo;une table  conviviale. <\/p>\n\n\n\n<p>Les cours s&rsquo;adressent aux groupes de 8 \u00e0 20 collaborateurs. Nous vous proposons \u00e9galement un espace de r\u00e9union avec acc\u00e8s WiFi, paper board, vid\u00e9oprojecteur et \u00e9cran plat. Le lieu est facile d&rsquo;acc\u00e8s et dispose d&rsquo;un parking ext\u00e9rieur gratuit.  <br>Les ateliers peuvent \u00eatre anim\u00e9s en <strong>anglais.<\/strong>   <\/p>\n\n\n\n<p><\/p>\n\n\n\n<p><\/p>\n\n\n\n<p> \ud83d\udca1 Envie de vivre cette aventure culinaire, <a href=\"http:\/\/coriandreetcitronnelle.fr\/index.php\/contact\/\">contactez-nous<\/a> <\/p>\n\n\n\n<p class=\"has-text-color\" style=\"color:#6e7172;font-size:12px\"> \ud83d\udc49 D\u00e9couvrez tous les <a href=\"http:\/\/coriandreetcitronnelle.fr\/index.php\/a-propos-de\/\">coups de FOOD<\/a> de CORIANDRE ET CITRONNELLE<\/p>\n","protected":false},"excerpt":{"rendered":"<p>Am\u00e9liorez l&rsquo;efficacit\u00e9 de vos collaborateurs, renforcez l&rsquo;esprit d&rsquo;\u00e9quipe ou tissez des liens avec vos clients\/partenaires, cr\u00e9ez un moment marquant en organisant un cours de cuisine. Nous vous proposons diff\u00e9rents formats pour motiver,&nbsp;amuser&nbsp;et&nbsp;surprendre&nbsp;vos collaborateurs et leur faire passer un moment inoubliable.&nbsp;Les personnalit\u00e9s se r\u00e9v\u00e8lent et doivent coop\u00e9rer pour concocter des recettes sal\u00e9es et sucr\u00e9es que les &hellip; <\/p>\n<p class=\"link-more\"><a href=\"https:\/\/coriandreetcitronnelle.fr\/index.php\/a-propos-de\/team-building-team-cooking\/\" class=\"more-link\">Continuer la lecture<span class=\"screen-reader-text\"> de &laquo;&nbsp;Team building \/ team cooking&nbsp;&raquo;<\/span><\/a><\/p>\n","protected":false},"author":1,"featured_media":0,"parent":9,"menu_order":1,"comment_status":"closed","ping_status":"closed","template":"","meta":{"spay_email":""},"_links":{"self":[{"href":"https:\/\/coriandreetcitronnelle.fr\/index.php\/wp-json\/wp\/v2\/pages\/180"}],"collection":[{"href":"https:\/\/coriandreetcitronnelle.fr\/index.php\/wp-json\/wp\/v2\/pages"}],"about":[{"href":"https:\/\/coriandreetcitronnelle.fr\/index.php\/wp-json\/wp\/v2\/types\/page"}],"author":[{"embeddable":true,"href":"https:\/\/coriandreetcitronnelle.fr\/index.php\/wp-json\/wp\/v2\/users\/1"}],"replies":[{"embeddable":true,"href":"https:\/\/coriandreetcitronnelle.fr\/index.php\/wp-json\/wp\/v2\/comments?post=180"}],"version-history":[{"count":17,"href":"https:\/\/coriandreetcitronnelle.fr\/index.php\/wp-json\/wp\/v2\/pages\/180\/revisions"}],"predecessor-version":[{"id":2044,"href":"https:\/\/coriandreetcitronnelle.fr\/index.php\/wp-json\/wp\/v2\/pages\/180\/revisions\/2044"}],"up":[{"embeddable":true,"href":"https:\/\/coriandreetcitronnelle.fr\/index.php\/wp-json\/wp\/v2\/pages\/9"}],"wp:attachment":[{"href":"https:\/\/coriandreetcitronnelle.fr\/index.php\/wp-json\/wp\/v2\/media?parent=180"}],"curies":[{"name":"wp","href":"https:\/\/api.w.org\/{rel}","templated":true}]}}