{"id":1664,"date":"2021-09-03T10:44:59","date_gmt":"2021-09-03T08:44:59","guid":{"rendered":"http:\/\/coriandreetcitronnelle.fr\/?page_id=1664"},"modified":"2025-11-06T13:11:22","modified_gmt":"2025-11-06T12:11:22","slug":"reservez-votre-cours","status":"publish","type":"page","link":"https:\/\/coriandreetcitronnelle.fr\/index.php\/reservez-votre-cours\/","title":{"rendered":"R\u00e9servez votre cours"},"content":{"rendered":"\n<p class=\"has-text-color\" style=\"color:#ed07c6\"><strong>POUR LE PLAISIR DE CREER<\/strong><\/p>\n\n\n\n<p><\/p>\n\n\n\n<p><span class=\"has-inline-color has-pale-pink-color\"><strong>Vous trouverez ci-dessous le planning des cours de cuisine.  Tous les cours de groupe (de 4 \u00e0 8 personnes) ont lieu le samedi \u00e0 15h00. Les cours priv\u00e9s sont planifi\u00e9s en fonction des demandes (le tarif est de 80\u20ac\/heure\/personne pour un minimum de 2 heures). N&rsquo;h\u00e9sitez pas \u00e0 me <a rel=\"noreferrer noopener\" aria-label=\"contacter par t\u00e9l\u00e9phone ou par mail (s\u2019ouvre dans un nouvel onglet)\" href=\"http:\/\/coriandreetcitronnelle.fr\/index.php\/contact\/\" target=\"_blank\">contacter<\/a> par t\u00e9l\u00e9phone ou par mail pour plus de pr\u00e9cisions.\u00a0<\/strong><\/span><\/p>\n\n\n\n<p>Le cours de cuisine d\u00e9bute par la pr\u00e9sentation des ingr\u00e9dients utilis\u00e9s dans la ou les recette(s). Il est suivi de la r\u00e9alisation du plat (ou des plats).  Les cours sont participatifs et les recettes sont r\u00e9alis\u00e9es \u00ab&nbsp;comme \u00e0 la maison&nbsp;\u00bb, le tout dans une ambiance conviviale. Pour les <strong>cours de cuisine en pr\u00e9sentiel<\/strong>, tout sera fourni mais si vous le  souhaitez et <strong>pour r\u00e9duire les d\u00e9chets, vous pouvez apporter vos propres  r\u00e9cipients<\/strong> pour mettre les plats que nous aurons pr\u00e9par\u00e9s ensemble. <\/p>\n\n\n\n<p><\/p>\n\n\n\n<h2>\ud83d\udc49 <strong><span class=\"has-inline-color has-black-color\">Je r\u00e9serve mon atelier par date de disponibilit\u00e9<\/span><\/strong><\/h2>\n\n\n\n<p style=\"font-size:12px\"><em><em><strong>N.B. :<\/strong> Merci de pr\u00e9ciser \u00e0 l&rsquo;avance d&rsquo;\u00e9ventuelles allergies ou intol\u00e9rance \u00e0 un ou plusieurs produits. La r\u00e9servation est obligatoire pour participer au cours de cuisine, sous r\u00e9serve d&rsquo;annulation ou report 72H00 avant la date de l&rsquo;atelier en cas d&rsquo;inscription insuffisant.<\/em><\/em> <\/p>\n\n\n\n<p><\/p>\n\n\n\n<div id=\"regiondo-calendar-widget\" data-code=\"38305-3fc1429a7c34b8cf59ccd8ff6993fad4\" data-locale=\"fr_FR\" data-apiurl=\"https:\/\/www.regiondo.fr\/\" data-sf=\"0\" data-sp=\"0\" data-vt=\"d\"><\/div><script type=\"text\/javascript\" src=\"https:\/\/www.regiondo.fr\/js\/integration\/calendarwidget\/calendarwidget.js\"><\/script>\n\n\n\n\n<style>\n.react-calendar.rcw-calendar-day-view {\nmax-width: 600px;\nwidth: auto;\npadding: 2px 9px 10px 10px;\nborder: 1px solid white;\nfont-family: var;\n}\n\n.react-calendar.rcw-calendar-day-view .react-calendar__tile {\nborder: 1px solid white !important;\nbackground: white;\ncolor: gray;\nfont-weight: bold;\npadding: 0.75em 0;\nborder:none;\n}\n\ndiv.react-calendar.rcw-calendar-day-view .react-calendar__tile.available {\nz-index: 999;\nbackground-color: #f900aa;\ncolor: white;\nfont-weight:900;\nfont-family: var;\nborder-radius: 12px;\n}\n\ndiv.react-calendar.rcw-calendar-day-view .react-calendar__tile.available:hover {\nz-index: 999;\nbackground-color: black;\ncolor: white;\nfont-weight:900;\nfont-family: var;\nborder-radius: 12px;\n}\n\n\n.rcw-product_item img {\nwidth: 100%;\nmin-width: 100%;\nmin-height: 100px;\n}\n\n.rcw-product_item .rcw-details {\nbox-sizing: border-box;\npadding: 0.7em 4%;\npadding-bottom: 70px;\nfont-family: var;\n}\n\ndiv.rcw-product_item .rcw-times .rcw-time {\ncolor: white;\nbackground: #f900aa;\nfont-weight: 900;\nborder-radius: 12px;\n}\n\ndiv.rcw-product_item .rcw-times .rcw-time:hover {\ncolor: white;\nbackground: black;\nfont-weight: 900;\nborder-radius: 12px;\n}\n\n.rcw-product_item .rcw-details {\nbox-sizing: border-box;\npadding: 0.7em 4%;\npadding-bottom: 70px;\nfont-family: var;\n}\n\n.rcw-product_item .rcw-view_details {\ndisplay: none;\npadding-bottom: 5px;\n}\n\n.rcw-product_item .rcw-details {\nbox-sizing: border-box;\npadding: 0.7em 4%;\npadding-bottom: 10px;\nfont-family: var;\n}\n<\/style>\n\n\n\n<p><\/p>\n\n\n\n<p><\/p>\n\n\n\n<p><\/p>\n\n\n\n<hr class=\"wp-block-separator\"\/>\n\n\n\n<p><\/p>\n\n\n\n<h2>\ud83d\udc49 <strong><span class=\"has-inline-color has-black-color\">Je r\u00e9serve mon atelier en cliquant sur le cours souhait\u00e9<\/span><\/strong><\/h2>\n\n\n\n<template id=\"product-catalog-widget-styles\">\n<style>\n.regiondo-list-product-button {\nbackground-color: #f900AA;\n}\n.regiondo-list-product-button:hover {\nbackground-color: BLACK;\ncolor: WHITE;\n}\n.regiondo-button.regiondo-button-checkout{\nbackground-color: #f900AA !important;\n}\n.regiondo-button-addtocart{\n background-color:#f900AA!important;\n}\n .regiondo-button-addtocart:hover{\n background-color:BLACK!important;\n}\n  @media screen and (min-width: 200px) {\n.regiondo-booking-mobile-button{\nbackground-color:#f900AA!important;\n}\n  @media screen and (min-width: 200px) {\n.regiondo-booking-mobile-button:hover{\n background-color: BLACK!important;\n}\n<\/style>\n<\/template>\n\n\n<product-catalog-widget styles-template-id=\"product-catalog-widget-styles\" customer-code=\"CO152\" locale=\"fr_FR\"><\/product-catalog-widget><script type=\"text\/javascript\" src=\"https:\/\/widgets.regiondo.net\/catalog\/v1\/catalog-widget.min.js\"><\/script>\n\n\n\n<p><\/p>\n\n\n\n<p>Aucune date ne vous convient, vous pouvez commander un <a href=\"https:\/\/coriandreetcitronnelle.sumupstore.com\/cat%C3%A9gorie\/les-cours-de-cuisine\">bon cadeau<\/a> et r\u00e9server le cours plus tard (les bons cadeaux sont valables 6 mois \u00e0 compter de la date d&rsquo;achat. Vous pouvez le personnaliser).<\/p>\n\n\n\n<hr class=\"wp-block-separator\"\/>\n\n\n\n<p><\/p>\n\n\n\n<h3 class=\"has-text-align-left\" id=\"cc-m-header-7838326664\">En plus des cours en pr\u00e9sentiel, vous pouvez participer \u00e0 des cours de cuisine \u00e0 distance, c&rsquo;est 100% en ligne, 100% en direct, 100% interactif et 100% convivial.<\/h3>\n\n\n\n<p class=\"has-text-align-left\"><strong><strong>TARIF POUR LES COURS EN LIGNE<\/strong> : <\/strong>Cr\u00e9neau privatif de 2H00 \u00e0 <strong>110 \u20ac par session<\/strong> et 1 connexion (1 adresse e-mail de connexion et un maximum de 4 personnes par session) pour cuisiner en famille ou entre amis. Pour chaque cr\u00e9neau de 2H00 en ligne, vous r\u00e9aliserez une recette ou deux recettes rapides \u00e0 d\u00e9finir ensemble.<\/p>\n\n\n\n<figure class=\"wp-block-image size-large\"><img loading=\"lazy\" width=\"525\" height=\"350\" src=\"https:\/\/i1.wp.com\/coriandreetcitronnelle.fr\/wp-content\/uploads\/2020\/04\/CoursDeCuisineADistance.png?resize=525%2C350\" alt=\"\" class=\"wp-image-714\" srcset=\"https:\/\/i1.wp.com\/coriandreetcitronnelle.fr\/wp-content\/uploads\/2020\/04\/CoursDeCuisineADistance.png?w=750&amp;ssl=1 750w, https:\/\/i1.wp.com\/coriandreetcitronnelle.fr\/wp-content\/uploads\/2020\/04\/CoursDeCuisineADistance.png?resize=350%2C233&amp;ssl=1 350w, https:\/\/i1.wp.com\/coriandreetcitronnelle.fr\/wp-content\/uploads\/2020\/04\/CoursDeCuisineADistance.png?resize=300%2C200&amp;ssl=1 300w\" sizes=\"(max-width: 706px) 89vw, (max-width: 767px) 82vw, 740px\" data-recalc-dims=\"1\" \/><figcaption>Cours de cuisine \u00e0 distance<\/figcaption><\/figure>\n\n\n\n<figure class=\"wp-block-image size-large\"><img loading=\"lazy\" width=\"525\" height=\"295\" src=\"https:\/\/i0.wp.com\/coriandreetcitronnelle.fr\/wp-content\/uploads\/2020\/04\/CoursViaZoom1.png?resize=525%2C295\" alt=\"\" class=\"wp-image-712\" srcset=\"https:\/\/i0.wp.com\/coriandreetcitronnelle.fr\/wp-content\/uploads\/2020\/04\/CoursViaZoom1.png?w=889&amp;ssl=1 889w, https:\/\/i0.wp.com\/coriandreetcitronnelle.fr\/wp-content\/uploads\/2020\/04\/CoursViaZoom1.png?resize=350%2C197&amp;ssl=1 350w, https:\/\/i0.wp.com\/coriandreetcitronnelle.fr\/wp-content\/uploads\/2020\/04\/CoursViaZoom1.png?resize=300%2C169&amp;ssl=1 300w, https:\/\/i0.wp.com\/coriandreetcitronnelle.fr\/wp-content\/uploads\/2020\/04\/CoursViaZoom1.png?resize=768%2C432&amp;ssl=1 768w\" sizes=\"(max-width: 767px) 89vw, (max-width: 1000px) 54vw, (max-width: 1071px) 543px, 580px\" data-recalc-dims=\"1\" \/><figcaption>Cours de cuisine \u00e0 distance et en famille<\/figcaption><\/figure>\n\n\n\n<p>Je vous guide pas \u00e0 pas et vous pouvez intervenir en direct pour poser toutes les questions que vous souhaitez comme en face \u00e0 face mais avec le bonus de pr\u00e9parer le repas pour toute la famille \u00e0 la fin du cours.<\/p>\n\n\n\n<h2 class=\"has-text-align-left\" id=\"cc-m-header-7663195864\"> \ud83d\udc49 <span class=\"has-inline-color has-black-color\"><strong>Je pr\u00e9f\u00e8re les cours \u00e0 distance <\/strong>(110\u20ac\/connexion pour 1 \u00e0 4 personnes)<\/span><\/h2>\n\n\n\n<figure class=\"wp-block-image size-large\"><img loading=\"lazy\" width=\"525\" height=\"253\" src=\"https:\/\/i2.wp.com\/coriandreetcitronnelle.fr\/wp-content\/uploads\/2021\/06\/Description-cours-a-distance.png?resize=525%2C253\" alt=\"\" class=\"wp-image-1546\" srcset=\"https:\/\/i2.wp.com\/coriandreetcitronnelle.fr\/wp-content\/uploads\/2021\/06\/Description-cours-a-distance.png?resize=1024%2C493&amp;ssl=1 1024w, https:\/\/i2.wp.com\/coriandreetcitronnelle.fr\/wp-content\/uploads\/2021\/06\/Description-cours-a-distance.png?resize=300%2C144&amp;ssl=1 300w, https:\/\/i2.wp.com\/coriandreetcitronnelle.fr\/wp-content\/uploads\/2021\/06\/Description-cours-a-distance.png?resize=768%2C370&amp;ssl=1 768w, https:\/\/i2.wp.com\/coriandreetcitronnelle.fr\/wp-content\/uploads\/2021\/06\/Description-cours-a-distance.png?resize=350%2C169&amp;ssl=1 350w, https:\/\/i2.wp.com\/coriandreetcitronnelle.fr\/wp-content\/uploads\/2021\/06\/Description-cours-a-distance.png?w=1350&amp;ssl=1 1350w\" sizes=\"(max-width: 767px) 89vw, (max-width: 1000px) 54vw, (max-width: 1071px) 543px, 580px\" data-recalc-dims=\"1\" \/><\/figure>\n\n\n\n<p class=\"has-text-align-center has-text-color\" style=\"color:#ed07c6\"><strong><a href=\"https:\/\/coriandreetcitronnelle.sumupstore.com\/article\/cours-a-distance-formule-de-2h00-1-a-4-personnes\">PRIVATISEZ VOTRE CRENEAU  <\/a><\/strong><\/p>\n\n\n\n<p><\/p>\n\n\n\n<p><\/p>\n\n\n\n<p><\/p>\n\n\n\n<p>Voici quelques exemples de recettes qui peuvent \u00eatre r\u00e9alis\u00e9es \u00e0 distance<\/p>\n\n\n\n<div class=\"wp-block-jetpack-slideshow aligncenter\" data-effect=\"slide\"><div class=\"wp-block-jetpack-slideshow_container swiper-container\"><ul class=\"wp-block-jetpack-slideshow_swiper-wrapper swiper-wrapper\"><li class=\"wp-block-jetpack-slideshow_slide swiper-slide\"><figure><img loading=\"lazy\" width=\"525\" height=\"253\" alt=\"\" class=\"wp-block-jetpack-slideshow_image wp-image-1707\" data-id=\"1707\" src=\"https:\/\/i2.wp.com\/coriandreetcitronnelle.fr\/wp-content\/uploads\/2021\/09\/Cours-a-distance-5.png?resize=525%2C253\" srcset=\"https:\/\/i2.wp.com\/coriandreetcitronnelle.fr\/wp-content\/uploads\/2021\/09\/Cours-a-distance-5.png?w=1350&amp;ssl=1 1350w, https:\/\/i2.wp.com\/coriandreetcitronnelle.fr\/wp-content\/uploads\/2021\/09\/Cours-a-distance-5.png?resize=300%2C144&amp;ssl=1 300w, https:\/\/i2.wp.com\/coriandreetcitronnelle.fr\/wp-content\/uploads\/2021\/09\/Cours-a-distance-5.png?resize=1024%2C493&amp;ssl=1 1024w, https:\/\/i2.wp.com\/coriandreetcitronnelle.fr\/wp-content\/uploads\/2021\/09\/Cours-a-distance-5.png?resize=768%2C370&amp;ssl=1 768w, https:\/\/i2.wp.com\/coriandreetcitronnelle.fr\/wp-content\/uploads\/2021\/09\/Cours-a-distance-5.png?resize=350%2C169&amp;ssl=1 350w\" sizes=\"(max-width: 767px) 89vw, (max-width: 1000px) 54vw, (max-width: 1071px) 543px, 580px\" data-recalc-dims=\"1\" \/><\/figure><\/li><li class=\"wp-block-jetpack-slideshow_slide swiper-slide\"><figure><img loading=\"lazy\" width=\"525\" height=\"253\" alt=\"\" class=\"wp-block-jetpack-slideshow_image wp-image-1703\" data-id=\"1703\" src=\"https:\/\/i0.wp.com\/coriandreetcitronnelle.fr\/wp-content\/uploads\/2021\/09\/Cours-a-distance-1.png?resize=525%2C253\" srcset=\"https:\/\/i0.wp.com\/coriandreetcitronnelle.fr\/wp-content\/uploads\/2021\/09\/Cours-a-distance-1.png?w=1350&amp;ssl=1 1350w, https:\/\/i0.wp.com\/coriandreetcitronnelle.fr\/wp-content\/uploads\/2021\/09\/Cours-a-distance-1.png?resize=300%2C144&amp;ssl=1 300w, https:\/\/i0.wp.com\/coriandreetcitronnelle.fr\/wp-content\/uploads\/2021\/09\/Cours-a-distance-1.png?resize=1024%2C493&amp;ssl=1 1024w, https:\/\/i0.wp.com\/coriandreetcitronnelle.fr\/wp-content\/uploads\/2021\/09\/Cours-a-distance-1.png?resize=768%2C370&amp;ssl=1 768w, https:\/\/i0.wp.com\/coriandreetcitronnelle.fr\/wp-content\/uploads\/2021\/09\/Cours-a-distance-1.png?resize=350%2C169&amp;ssl=1 350w\" sizes=\"(max-width: 767px) 89vw, (max-width: 1000px) 54vw, (max-width: 1071px) 543px, 580px\" data-recalc-dims=\"1\" \/><\/figure><\/li><li class=\"wp-block-jetpack-slideshow_slide swiper-slide\"><figure><img loading=\"lazy\" width=\"525\" height=\"253\" alt=\"\" class=\"wp-block-jetpack-slideshow_image wp-image-1704\" data-id=\"1704\" src=\"https:\/\/i2.wp.com\/coriandreetcitronnelle.fr\/wp-content\/uploads\/2021\/09\/Cours-a-distance-2.png?resize=525%2C253\" srcset=\"https:\/\/i2.wp.com\/coriandreetcitronnelle.fr\/wp-content\/uploads\/2021\/09\/Cours-a-distance-2.png?w=1350&amp;ssl=1 1350w, https:\/\/i2.wp.com\/coriandreetcitronnelle.fr\/wp-content\/uploads\/2021\/09\/Cours-a-distance-2.png?resize=300%2C144&amp;ssl=1 300w, https:\/\/i2.wp.com\/coriandreetcitronnelle.fr\/wp-content\/uploads\/2021\/09\/Cours-a-distance-2.png?resize=1024%2C493&amp;ssl=1 1024w, https:\/\/i2.wp.com\/coriandreetcitronnelle.fr\/wp-content\/uploads\/2021\/09\/Cours-a-distance-2.png?resize=768%2C370&amp;ssl=1 768w, https:\/\/i2.wp.com\/coriandreetcitronnelle.fr\/wp-content\/uploads\/2021\/09\/Cours-a-distance-2.png?resize=350%2C169&amp;ssl=1 350w\" sizes=\"(max-width: 767px) 89vw, (max-width: 1000px) 54vw, (max-width: 1071px) 543px, 580px\" data-recalc-dims=\"1\" \/><\/figure><\/li><li class=\"wp-block-jetpack-slideshow_slide swiper-slide\"><figure><img loading=\"lazy\" width=\"525\" height=\"253\" alt=\"\" class=\"wp-block-jetpack-slideshow_image wp-image-1705\" data-id=\"1705\" src=\"https:\/\/i2.wp.com\/coriandreetcitronnelle.fr\/wp-content\/uploads\/2021\/09\/Cours-a-distance-3.png?resize=525%2C253\" srcset=\"https:\/\/i2.wp.com\/coriandreetcitronnelle.fr\/wp-content\/uploads\/2021\/09\/Cours-a-distance-3.png?w=1350&amp;ssl=1 1350w, https:\/\/i2.wp.com\/coriandreetcitronnelle.fr\/wp-content\/uploads\/2021\/09\/Cours-a-distance-3.png?resize=300%2C144&amp;ssl=1 300w, https:\/\/i2.wp.com\/coriandreetcitronnelle.fr\/wp-content\/uploads\/2021\/09\/Cours-a-distance-3.png?resize=1024%2C493&amp;ssl=1 1024w, https:\/\/i2.wp.com\/coriandreetcitronnelle.fr\/wp-content\/uploads\/2021\/09\/Cours-a-distance-3.png?resize=768%2C370&amp;ssl=1 768w, https:\/\/i2.wp.com\/coriandreetcitronnelle.fr\/wp-content\/uploads\/2021\/09\/Cours-a-distance-3.png?resize=350%2C169&amp;ssl=1 350w\" sizes=\"(max-width: 767px) 89vw, (max-width: 1000px) 54vw, (max-width: 1071px) 543px, 580px\" data-recalc-dims=\"1\" \/><\/figure><\/li><li class=\"wp-block-jetpack-slideshow_slide swiper-slide\"><figure><img loading=\"lazy\" width=\"525\" height=\"253\" alt=\"\" class=\"wp-block-jetpack-slideshow_image wp-image-1706\" data-id=\"1706\" src=\"https:\/\/i1.wp.com\/coriandreetcitronnelle.fr\/wp-content\/uploads\/2021\/09\/Cours-a-distance-4.png?resize=525%2C253\" srcset=\"https:\/\/i1.wp.com\/coriandreetcitronnelle.fr\/wp-content\/uploads\/2021\/09\/Cours-a-distance-4.png?w=1350&amp;ssl=1 1350w, https:\/\/i1.wp.com\/coriandreetcitronnelle.fr\/wp-content\/uploads\/2021\/09\/Cours-a-distance-4.png?resize=300%2C144&amp;ssl=1 300w, https:\/\/i1.wp.com\/coriandreetcitronnelle.fr\/wp-content\/uploads\/2021\/09\/Cours-a-distance-4.png?resize=1024%2C493&amp;ssl=1 1024w, https:\/\/i1.wp.com\/coriandreetcitronnelle.fr\/wp-content\/uploads\/2021\/09\/Cours-a-distance-4.png?resize=768%2C370&amp;ssl=1 768w, https:\/\/i1.wp.com\/coriandreetcitronnelle.fr\/wp-content\/uploads\/2021\/09\/Cours-a-distance-4.png?resize=350%2C169&amp;ssl=1 350w\" sizes=\"(max-width: 767px) 89vw, (max-width: 1000px) 54vw, (max-width: 1071px) 543px, 580px\" data-recalc-dims=\"1\" \/><\/figure><\/li><li class=\"wp-block-jetpack-slideshow_slide swiper-slide\"><figure><img loading=\"lazy\" width=\"525\" height=\"253\" alt=\"\" class=\"wp-block-jetpack-slideshow_image wp-image-1708\" data-id=\"1708\" src=\"https:\/\/i2.wp.com\/coriandreetcitronnelle.fr\/wp-content\/uploads\/2021\/09\/Cours-a-distance-6.png?resize=525%2C253\" srcset=\"https:\/\/i2.wp.com\/coriandreetcitronnelle.fr\/wp-content\/uploads\/2021\/09\/Cours-a-distance-6.png?w=1350&amp;ssl=1 1350w, https:\/\/i2.wp.com\/coriandreetcitronnelle.fr\/wp-content\/uploads\/2021\/09\/Cours-a-distance-6.png?resize=300%2C144&amp;ssl=1 300w, https:\/\/i2.wp.com\/coriandreetcitronnelle.fr\/wp-content\/uploads\/2021\/09\/Cours-a-distance-6.png?resize=1024%2C493&amp;ssl=1 1024w, https:\/\/i2.wp.com\/coriandreetcitronnelle.fr\/wp-content\/uploads\/2021\/09\/Cours-a-distance-6.png?resize=768%2C370&amp;ssl=1 768w, https:\/\/i2.wp.com\/coriandreetcitronnelle.fr\/wp-content\/uploads\/2021\/09\/Cours-a-distance-6.png?resize=350%2C169&amp;ssl=1 350w\" sizes=\"(max-width: 767px) 89vw, (max-width: 1000px) 54vw, (max-width: 1071px) 543px, 580px\" data-recalc-dims=\"1\" \/><\/figure><\/li><\/ul><a class=\"wp-block-jetpack-slideshow_button-prev swiper-button-prev swiper-button-white\" role=\"button\"><\/a><a class=\"wp-block-jetpack-slideshow_button-next swiper-button-next swiper-button-white\" role=\"button\"><\/a><a aria-label=\"Pause Slideshow\" class=\"wp-block-jetpack-slideshow_button-pause\" role=\"button\"><\/a><div class=\"wp-block-jetpack-slideshow_pagination swiper-pagination swiper-pagination-white\"><\/div><\/div><\/div>\n\n\n\n<p class=\"has-white-color has-text-color\">Cours sur les <a href=\"https:\/\/coriandreetcitronnelle.fr\/index.php\/cours-sur-les-bao\/\" data-type=\"page\" data-id=\"736\">baos<\/a><\/p>\n\n\n\n<p style=\"font-size:10px\"><em><em><strong>N.B. :<\/strong> <\/em><\/em>R\u00e9servez votre cr\u00e9neau ou offrez le bon cadeau pour un cours \u00e0 distance. Vous avez jusqu&rsquo;\u00e0 6 mois pour confirmer le cours et choisir la (ou les) recette(s). <em><em>Les recettes sont pr\u00e9vues pour 4 personnes (le nombre de parts peut-\u00eatre modifi\u00e9 sur demande). A la fin du cours, votre repas est pr\u00eat, il ne vous reste plus qu&rsquo;\u00e0 passer \u00e0 table.<\/em><\/em>  <\/p>\n\n\n\n<p class=\"has-text-align-left\" style=\"font-size:10px\"><strong><u><span style=\"text-decoration: underline;\">Conditions de vente :<\/span><\/u><\/strong><\/p>\n\n\n\n<p class=\"has-text-align-justify\" style=\"font-size:10px\">Toute r\u00e9servation effectu\u00e9e est ferme et non remboursable sauf en cas d&rsquo;annulation de Coriandre et Citronnelle. Dans ce dernier cas, le remboursement sera effectu\u00e9 ou un report de cours sera propos\u00e9.<\/p>\n\n\n\n<p class=\"has-text-align-left\" style=\"font-size:10px\">Les&nbsp; demandes de report de cours sont accept\u00e9s seulement&nbsp;au plus tard 14 jours avant la date du cours.<\/p>\n\n\n\n<p class=\"has-text-align-justify\" style=\"font-size:10px\">\u00c0 partir de 13 jours avant le cours et jusqu&rsquo;\u00e0 la date du cours r\u00e9serv\u00e9,&nbsp;en cas d&#8217;emp\u00eachement ou de maladie,&nbsp;<strong>le billet peut \u00eatre transmis \u00e0 un(e) autre participant(e)&nbsp;<\/strong>en indiquant au pr\u00e9alable le nom du participant rempla\u00e7ant \u00e0 Coriandre et Citronnelle par mail : coriandre.citronnelle@gmail.com. La place n&rsquo;est donc pas perdue. <strong>Aucun remboursement, avoir ou report de cours ne peut \u00eatre effectu\u00e9.<\/strong> Ces mesures ont \u00e9t\u00e9 prises suite \u00e0 de nombreuses demandes de report de cours qui ont caus\u00e9 jusqu&rsquo;\u00e0 pr\u00e9sent, des pertes de places inutiles et n&rsquo;ayant pu \u00eatre remplac\u00e9es dans les temps. Merci de votre compr\u00e9hension.<\/p>\n\n\n\n<p style=\"font-size:10px\"><\/p>\n","protected":false},"excerpt":{"rendered":"<p>POUR LE PLAISIR DE CREER Vous trouverez ci-dessous le planning des cours de cuisine. Tous les cours de groupe (de 4 \u00e0 8 personnes) ont lieu le samedi \u00e0 15h00. Les cours priv\u00e9s sont planifi\u00e9s en fonction des demandes (le tarif est de 80\u20ac\/heure\/personne pour un minimum de 2 heures). N&rsquo;h\u00e9sitez pas \u00e0 me contacter &hellip; <\/p>\n<p class=\"link-more\"><a href=\"https:\/\/coriandreetcitronnelle.fr\/index.php\/reservez-votre-cours\/\" class=\"more-link\">Continuer la lecture<span class=\"screen-reader-text\"> de &laquo;&nbsp;R\u00e9servez votre cours&nbsp;&raquo;<\/span><\/a><\/p>\n","protected":false},"author":1,"featured_media":0,"parent":0,"menu_order":0,"comment_status":"closed","ping_status":"closed","template":"","meta":{"spay_email":""},"_links":{"self":[{"href":"https:\/\/coriandreetcitronnelle.fr\/index.php\/wp-json\/wp\/v2\/pages\/1664"}],"collection":[{"href":"https:\/\/coriandreetcitronnelle.fr\/index.php\/wp-json\/wp\/v2\/pages"}],"about":[{"href":"https:\/\/coriandreetcitronnelle.fr\/index.php\/wp-json\/wp\/v2\/types\/page"}],"author":[{"embeddable":true,"href":"https:\/\/coriandreetcitronnelle.fr\/index.php\/wp-json\/wp\/v2\/users\/1"}],"replies":[{"embeddable":true,"href":"https:\/\/coriandreetcitronnelle.fr\/index.php\/wp-json\/wp\/v2\/comments?post=1664"}],"version-history":[{"count":52,"href":"https:\/\/coriandreetcitronnelle.fr\/index.php\/wp-json\/wp\/v2\/pages\/1664\/revisions"}],"predecessor-version":[{"id":2206,"href":"https:\/\/coriandreetcitronnelle.fr\/index.php\/wp-json\/wp\/v2\/pages\/1664\/revisions\/2206"}],"wp:attachment":[{"href":"https:\/\/coriandreetcitronnelle.fr\/index.php\/wp-json\/wp\/v2\/media?parent=1664"}],"curies":[{"name":"wp","href":"https:\/\/api.w.org\/{rel}","templated":true}]}}