{"id":12,"date":"2019-11-13T16:44:46","date_gmt":"2019-11-13T15:44:46","guid":{"rendered":"http:\/\/coriandreetcitronnelle.fr\/?page_id=12"},"modified":"2024-06-12T07:54:26","modified_gmt":"2024-06-12T05:54:26","slug":"une-section-de-page-daccueil","status":"publish","type":"page","link":"https:\/\/coriandreetcitronnelle.fr\/index.php\/une-section-de-page-daccueil\/","title":{"rendered":"Le BON cadeau"},"content":{"rendered":"<p><strong><span style=\"color: #ff00ff;\">FAIRE PLAISIR ET SE FAIRE PLAISIR <\/span><br \/><\/strong><\/p>\n<div class=\"JumbotronTitle_title_container__ADDGL\">\u00a0<\/div>\n<p>Offrez une invitation au voyage culinaire et gustatif au Cambodge, en Tha\u00eflande, au Japon (et bien d&rsquo;autres destinations) en un clic. Offrez \u00e0 vos proches un moment gourmand et une exp\u00e9rience culinaire unique, offrez LE BON CADEAU !<\/p>\n<p><a href=\"https:\/\/coriandreetcitronnelle.fr\/index.php\/les-formules-des-ateliers\/\">Trois formules<\/a> de cours de cuisine vous sont propos\u00e9es : EVASION (2H00), TRADITION (3H00) et A DISTANCE (2H00).<\/p>\n<p>Voil\u00e0 une id\u00e9e cadeau originale et gourmande qui fait toujours plaisir. Les cartes cadeaux sont valables six mois apr\u00e8s la date d&rsquo;envoi du bon.<\/p>\n<p><span style=\"color: #ff00ff;\"><span style=\"color: #000000;\">J&rsquo;offre un cours de cuisine, j&rsquo;offre le<\/span><\/span> <a href=\"https:\/\/coriandreetcitronnelle.sumupstore.com\/cat%C3%A9gorie\/les-cours-de-cuisine\"><strong><span style=\"color: #ff00ff;\">BON CADEAU<\/span><\/strong><span style=\"color: #000000;\">*<\/span><\/a><\/p>\n<p><span style=\"color: #808080;\">(*)1 bon cadeau est valable pour 1 personne. Vous souhaitez accompagner ou offrir pour 2 personnes, 2 bons sont requis ou 1 bon pour 2 personnes. Les bons sont personnalis\u00e9s et sont envoy\u00e9s par mail ou par courrier conform\u00e9ment \u00e0 votre demande.<br \/><\/span><\/p>\n\n\n<p><\/p>\n","protected":false},"excerpt":{"rendered":"<p>FAIRE PLAISIR ET SE FAIRE PLAISIR \u00a0 Offrez une invitation au voyage culinaire et gustatif au Cambodge, en Tha\u00eflande, au Japon (et bien d&rsquo;autres destinations) en un clic. Offrez \u00e0 vos proches un moment gourmand et une exp\u00e9rience culinaire unique, offrez LE BON CADEAU ! Trois formules de cours de cuisine vous sont propos\u00e9es : &hellip; <\/p>\n<p class=\"link-more\"><a href=\"https:\/\/coriandreetcitronnelle.fr\/index.php\/une-section-de-page-daccueil\/\" class=\"more-link\">Continuer la lecture<span class=\"screen-reader-text\"> de &laquo;&nbsp;Le BON cadeau&nbsp;&raquo;<\/span><\/a><\/p>\n","protected":false},"author":1,"featured_media":78,"parent":0,"menu_order":0,"comment_status":"closed","ping_status":"closed","template":"","meta":{"spay_email":""},"_links":{"self":[{"href":"https:\/\/coriandreetcitronnelle.fr\/index.php\/wp-json\/wp\/v2\/pages\/12"}],"collection":[{"href":"https:\/\/coriandreetcitronnelle.fr\/index.php\/wp-json\/wp\/v2\/pages"}],"about":[{"href":"https:\/\/coriandreetcitronnelle.fr\/index.php\/wp-json\/wp\/v2\/types\/page"}],"author":[{"embeddable":true,"href":"https:\/\/coriandreetcitronnelle.fr\/index.php\/wp-json\/wp\/v2\/users\/1"}],"replies":[{"embeddable":true,"href":"https:\/\/coriandreetcitronnelle.fr\/index.php\/wp-json\/wp\/v2\/comments?post=12"}],"version-history":[{"count":38,"href":"https:\/\/coriandreetcitronnelle.fr\/index.php\/wp-json\/wp\/v2\/pages\/12\/revisions"}],"predecessor-version":[{"id":2155,"href":"https:\/\/coriandreetcitronnelle.fr\/index.php\/wp-json\/wp\/v2\/pages\/12\/revisions\/2155"}],"wp:featuredmedia":[{"embeddable":true,"href":"https:\/\/coriandreetcitronnelle.fr\/index.php\/wp-json\/wp\/v2\/media\/78"}],"wp:attachment":[{"href":"https:\/\/coriandreetcitronnelle.fr\/index.php\/wp-json\/wp\/v2\/media?parent=12"}],"curies":[{"name":"wp","href":"https:\/\/api.w.org\/{rel}","templated":true}]}}